{"id":6450,"date":"2023-03-12T08:26:00","date_gmt":"2023-03-12T05:26:00","guid":{"rendered":"https:\/\/gokhangokberk.com\/?page_id=6450"},"modified":"2023-03-12T09:29:03","modified_gmt":"2023-03-12T06:29:03","slug":"yayimlanan-fotograflar","status":"publish","type":"page","link":"https:\/\/gokhangokberk.com\/?page_id=6450","title":{"rendered":"Yay\u0131mlanan Foto\u011fraflar"},"content":{"rendered":"\t\t<div data-elementor-type=\"wp-page\" data-elementor-id=\"6450\" class=\"elementor elementor-6450\" data-elementor-post-type=\"page\">\n\t\t\t\t\t\t<section class=\"elementor-section elementor-top-section elementor-element elementor-element-453191e elementor-section-boxed elementor-section-height-default elementor-section-height-default\" data-id=\"453191e\" data-element_type=\"section\" data-e-type=\"section\">\n\t\t\t\t\t\t<div class=\"elementor-container elementor-column-gap-default\">\n\t\t\t\t\t<div class=\"elementor-column elementor-col-100 elementor-top-column elementor-element elementor-element-8d8ee56\" data-id=\"8d8ee56\" data-element_type=\"column\" data-e-type=\"column\">\n\t\t\t<div class=\"elementor-widget-wrap elementor-element-populated\">\n\t\t\t\t\t\t<div class=\"elementor-element elementor-element-3624719 elementor-widget elementor-widget-heading\" data-id=\"3624719\" data-element_type=\"widget\" data-e-type=\"widget\" data-widget_type=\"heading.default\">\n\t\t\t\t<div class=\"elementor-widget-container\">\n\t\t\t\t\t<h2 class=\"elementor-heading-title elementor-size-default\">Yay\u0131mlanan Foto\u011fraflar<\/h2>\t\t\t\t<\/div>\n\t\t\t\t<\/div>\n\t\t\t\t\t<\/div>\n\t\t<\/div>\n\t\t\t\t\t<\/div>\n\t\t<\/section>\n\t\t\t\t<section class=\"elementor-section elementor-top-section elementor-element elementor-element-4ee77d3 elementor-section-boxed elementor-section-height-default elementor-section-height-default\" data-id=\"4ee77d3\" data-element_type=\"section\" data-e-type=\"section\">\n\t\t\t\t\t\t<div class=\"elementor-container elementor-column-gap-default\">\n\t\t\t\t\t<div class=\"elementor-column elementor-col-100 elementor-top-column elementor-element elementor-element-d77979c\" data-id=\"d77979c\" data-element_type=\"column\" data-e-type=\"column\">\n\t\t\t<div class=\"elementor-widget-wrap elementor-element-populated\">\n\t\t\t\t\t\t<div class=\"elementor-element elementor-element-d83696a elementor-widget elementor-widget-image-gallery\" data-id=\"d83696a\" data-element_type=\"widget\" data-e-type=\"widget\" data-widget_type=\"image-gallery.default\">\n\t\t\t\t<div class=\"elementor-widget-container\">\n\t\t\t\t\t\t\t<div class=\"elementor-image-gallery\">\n\t\t\t\n\t\t\t<style type='text\/css'>\n\t\t\t\t#gallery-1 {\n\t\t\t\t\tmargin: auto;\n\t\t\t\t}\n\t\t\t\t#gallery-1 .gallery-item {\n\t\t\t\t\tfloat: left;\n\t\t\t\t\tmargin-top: 10px;\n\t\t\t\t\ttext-align: center;\n\t\t\t\t\twidth: 25%;\n\t\t\t\t}\n\t\t\t\t#gallery-1 img {\n\t\t\t\t\tborder: 2px solid #cfcfcf;\n\t\t\t\t}\n\t\t\t\t#gallery-1 .gallery-caption {\n\t\t\t\t\tmargin-left: 0;\n\t\t\t\t}\n\t\t\t\t\/* see gallery_shortcode() in wp-includes\/media.php *\/\n\t\t\t<\/style>\n\t\t<div id='gallery-1' class='dt-gallery-container gallery galleryid-6450 gallery-columns-4 gallery-size-thumbnail'><dl class='gallery-item'>\n\t\t\t\t<dt class='gallery-icon portrait'>\n\t\t\t\t\t<a class=\"rollover rollover-zoom\" title=\"\"data-elementor-open-lightbox=\"yes\" data-elementor-lightbox-slideshow=\"d83696a\" data-elementor-lightbox-title=\"10 Temmuz 2017 K\u0131br\u0131s Gazetesi\" data-e-action-hash=\"#elementor-action%3Aaction%3Dlightbox%26settings%3DeyJpZCI6NjQ1MiwidXJsIjoiaHR0cHM6XC9cL2dva2hhbmdva2JlcmsuY29tXC93cC1jb250ZW50XC91cGxvYWRzXC8yMDIzXC8wM1wvMTAtVGVtbXV6LTIwMTctS2licmlzLUdhemV0ZXNpLmpwZyIsInNsaWRlc2hvdyI6ImQ4MzY5NmEifQ%3D%3D\" href='https:\/\/gokhangokberk.com\/wp-content\/uploads\/2023\/03\/10-Temmuz-2017-Kibris-Gazetesi.jpg'><img decoding=\"async\" width=\"150\" height=\"150\" src=\"https:\/\/gokhangokberk.com\/wp-content\/uploads\/2023\/03\/10-Temmuz-2017-Kibris-Gazetesi-150x150.jpg\" class=\"attachment-thumbnail size-thumbnail\" alt=\"\" \/><\/a>\n\t\t\t\t<\/dt><\/dl><dl class='gallery-item'>\n\t\t\t\t<dt class='gallery-icon landscape'>\n\t\t\t\t\t<a class=\"rollover rollover-zoom\" title=\"\"data-elementor-open-lightbox=\"yes\" data-elementor-lightbox-slideshow=\"d83696a\" data-elementor-lightbox-title=\"koop bank 2019 masa takvimi\" data-e-action-hash=\"#elementor-action%3Aaction%3Dlightbox%26settings%3DeyJpZCI6NjQ2MywidXJsIjoiaHR0cHM6XC9cL2dva2hhbmdva2JlcmsuY29tXC93cC1jb250ZW50XC91cGxvYWRzXC8yMDIzXC8wM1wva29vcC1iYW5rLTIwMTktbWFzYS10YWt2aW1pLnBuZyIsInNsaWRlc2hvdyI6ImQ4MzY5NmEifQ%3D%3D\" href='https:\/\/gokhangokberk.com\/wp-content\/uploads\/2023\/03\/koop-bank-2019-masa-takvimi.png'><img decoding=\"async\" width=\"150\" height=\"150\" src=\"https:\/\/gokhangokberk.com\/wp-content\/uploads\/2023\/03\/koop-bank-2019-masa-takvimi-150x150.png\" class=\"attachment-thumbnail size-thumbnail\" alt=\"\" \/><\/a>\n\t\t\t\t<\/dt><\/dl><dl class='gallery-item'>\n\t\t\t\t<dt class='gallery-icon landscape'>\n\t\t\t\t\t<a class=\"rollover rollover-zoom\" title=\"\"data-elementor-open-lightbox=\"yes\" data-elementor-lightbox-slideshow=\"d83696a\" data-elementor-lightbox-title=\"g\u0131br\u0131sl\u0131 cehreler 2019 masa takvimi\" data-e-action-hash=\"#elementor-action%3Aaction%3Dlightbox%26settings%3DeyJpZCI6NjQ2NywidXJsIjoiaHR0cHM6XC9cL2dva2hhbmdva2JlcmsuY29tXC93cC1jb250ZW50XC91cGxvYWRzXC8yMDIzXC8wM1wvZ2licmlzbGktY2VocmVsZXItMjAxOS1tYXNhLXRha3ZpbWkuanBnIiwic2xpZGVzaG93IjoiZDgzNjk2YSJ9\" href='https:\/\/gokhangokberk.com\/wp-content\/uploads\/2023\/03\/gibrisli-cehreler-2019-masa-takvimi.jpg'><img decoding=\"async\" width=\"150\" height=\"150\" src=\"https:\/\/gokhangokberk.com\/wp-content\/uploads\/2023\/03\/gibrisli-cehreler-2019-masa-takvimi-150x150.jpg\" class=\"attachment-thumbnail size-thumbnail\" alt=\"\" \/><\/a>\n\t\t\t\t<\/dt><\/dl><dl class='gallery-item'>\n\t\t\t\t<dt class='gallery-icon portrait'>\n\t\t\t\t\t<a class=\"rollover rollover-zoom\" title=\"\"data-elementor-open-lightbox=\"yes\" data-elementor-lightbox-slideshow=\"d83696a\" data-elementor-lightbox-title=\"g\u00f6khan g\u00f6kberk yans\u0131ma yenibak\u0131\u015f gazetesi saracoglu vakf\u0131\" data-e-action-hash=\"#elementor-action%3Aaction%3Dlightbox%26settings%3DeyJpZCI6NjUxOSwidXJsIjoiaHR0cHM6XC9cL2dva2hhbmdva2JlcmsuY29tXC93cC1jb250ZW50XC91cGxvYWRzXC8yMDIzXC8wM1wvZ29raGFuLWdva2JlcmsteWFuc2ltYS15ZW5pYmFraXMtZ2F6ZXRlc2ktc2FyYWNvZ2x1LXZha2ZpLmpwZyIsInNsaWRlc2hvdyI6ImQ4MzY5NmEifQ%3D%3D\" href='https:\/\/gokhangokberk.com\/wp-content\/uploads\/2023\/03\/gokhan-gokberk-yansima-yenibakis-gazetesi-saracoglu-vakfi.jpg'><img loading=\"lazy\" decoding=\"async\" width=\"150\" height=\"150\" src=\"https:\/\/gokhangokberk.com\/wp-content\/uploads\/2023\/03\/gokhan-gokberk-yansima-yenibakis-gazetesi-saracoglu-vakfi-150x150.jpg\" class=\"attachment-thumbnail size-thumbnail\" alt=\"\" \/><\/a>\n\t\t\t\t<\/dt><\/dl><br style=\"clear: both\" \/><dl class='gallery-item'>\n\t\t\t\t<dt class='gallery-icon portrait'>\n\t\t\t\t\t<a class=\"rollover rollover-zoom\" title=\"\"data-elementor-open-lightbox=\"yes\" data-elementor-lightbox-slideshow=\"d83696a\" data-elementor-lightbox-title=\"4 Aral\u0131k 2017 K\u0131br\u0131s Gazetesi\" data-e-action-hash=\"#elementor-action%3Aaction%3Dlightbox%26settings%3DeyJpZCI6NjUxNiwidXJsIjoiaHR0cHM6XC9cL2dva2hhbmdva2JlcmsuY29tXC93cC1jb250ZW50XC91cGxvYWRzXC8yMDIzXC8wM1wvNC1BcmFsaWstMjAxNy1LaWJyaXMtR2F6ZXRlc2kuanBnIiwic2xpZGVzaG93IjoiZDgzNjk2YSJ9\" href='https:\/\/gokhangokberk.com\/wp-content\/uploads\/2023\/03\/4-Aralik-2017-Kibris-Gazetesi.jpg'><img loading=\"lazy\" decoding=\"async\" width=\"150\" height=\"150\" src=\"https:\/\/gokhangokberk.com\/wp-content\/uploads\/2023\/03\/4-Aralik-2017-Kibris-Gazetesi-150x150.jpg\" class=\"attachment-thumbnail size-thumbnail\" alt=\"\" \/><\/a>\n\t\t\t\t<\/dt><\/dl><dl class='gallery-item'>\n\t\t\t\t<dt class='gallery-icon portrait'>\n\t\t\t\t\t<a class=\"rollover rollover-zoom\" title=\"\"data-elementor-open-lightbox=\"yes\" data-elementor-lightbox-slideshow=\"d83696a\" data-elementor-lightbox-title=\"\u00d6ztan \u00d6zatay Foto\u011fraf Yar\u0131\u015fmas\u0131 \u00d6d\u00fcll\u00fc Foto\u011fraflar\" data-e-action-hash=\"#elementor-action%3Aaction%3Dlightbox%26settings%3DeyJpZCI6NjUxNywidXJsIjoiaHR0cHM6XC9cL2dva2hhbmdva2JlcmsuY29tXC93cC1jb250ZW50XC91cGxvYWRzXC8yMDIzXC8wM1wvT3p0YW4tT3phdGF5LUZvdG9ncmFmLVlhcmlzbWFzaS1PZHVsbHUtRm90b2dyYWZsYXIuanBnIiwic2xpZGVzaG93IjoiZDgzNjk2YSJ9\" href='https:\/\/gokhangokberk.com\/wp-content\/uploads\/2023\/03\/Oztan-Ozatay-Fotograf-Yarismasi-Odullu-Fotograflar.jpg'><img loading=\"lazy\" decoding=\"async\" width=\"150\" height=\"150\" src=\"https:\/\/gokhangokberk.com\/wp-content\/uploads\/2023\/03\/Oztan-Ozatay-Fotograf-Yarismasi-Odullu-Fotograflar-150x150.jpg\" class=\"attachment-thumbnail size-thumbnail\" alt=\"\" \/><\/a>\n\t\t\t\t<\/dt><\/dl><dl class='gallery-item'>\n\t\t\t\t<dt class='gallery-icon portrait'>\n\t\t\t\t\t<a class=\"rollover rollover-zoom\" title=\"\"data-elementor-open-lightbox=\"yes\" data-elementor-lightbox-slideshow=\"d83696a\" data-elementor-lightbox-title=\"Halk\u0131n Sesi Limasol Karnaval\u0131\" data-e-action-hash=\"#elementor-action%3Aaction%3Dlightbox%26settings%3DeyJpZCI6NjUxOCwidXJsIjoiaHR0cHM6XC9cL2dva2hhbmdva2JlcmsuY29tXC93cC1jb250ZW50XC91cGxvYWRzXC8yMDIzXC8wM1wvSGFsa2luLVNlc2ktTGltYXNvbC1LYXJuYXZhbGkuanBnIiwic2xpZGVzaG93IjoiZDgzNjk2YSJ9\" href='https:\/\/gokhangokberk.com\/wp-content\/uploads\/2023\/03\/Halkin-Sesi-Limasol-Karnavali.jpg'><img loading=\"lazy\" decoding=\"async\" width=\"150\" height=\"150\" src=\"https:\/\/gokhangokberk.com\/wp-content\/uploads\/2023\/03\/Halkin-Sesi-Limasol-Karnavali-150x150.jpg\" class=\"attachment-thumbnail size-thumbnail\" alt=\"\" \/><\/a>\n\t\t\t\t<\/dt><\/dl><dl class='gallery-item'>\n\t\t\t\t<dt class='gallery-icon portrait'>\n\t\t\t\t\t<a class=\"rollover rollover-zoom\" title=\"\"data-elementor-open-lightbox=\"yes\" data-elementor-lightbox-slideshow=\"d83696a\" data-elementor-lightbox-title=\"26 Haziran 2017 K\u0131br\u0131s Gazetesi\" data-e-action-hash=\"#elementor-action%3Aaction%3Dlightbox%26settings%3DeyJpZCI6NjUyMSwidXJsIjoiaHR0cHM6XC9cL2dva2hhbmdva2JlcmsuY29tXC93cC1jb250ZW50XC91cGxvYWRzXC8yMDIzXC8wM1wvMjYtSGF6aXJhbi0yMDE3LUtpYnJpcy1HYXpldGVzaS5qcGciLCJzbGlkZXNob3ciOiJkODM2OTZhIn0%3D\" href='https:\/\/gokhangokberk.com\/wp-content\/uploads\/2023\/03\/26-Haziran-2017-Kibris-Gazetesi.jpg'><img loading=\"lazy\" decoding=\"async\" width=\"150\" height=\"150\" src=\"https:\/\/gokhangokberk.com\/wp-content\/uploads\/2023\/03\/26-Haziran-2017-Kibris-Gazetesi-150x150.jpg\" class=\"attachment-thumbnail size-thumbnail\" alt=\"\" \/><\/a>\n\t\t\t\t<\/dt><\/dl><br style=\"clear: both\" \/><dl class='gallery-item'>\n\t\t\t\t<dt class='gallery-icon landscape'>\n\t\t\t\t\t<a class=\"rollover rollover-zoom\" title=\"\"data-elementor-open-lightbox=\"yes\" data-elementor-lightbox-slideshow=\"d83696a\" data-elementor-lightbox-title=\"Hellim Foto\u011fraflar\u0131\" data-e-action-hash=\"#elementor-action%3Aaction%3Dlightbox%26settings%3DeyJpZCI6NjUyMCwidXJsIjoiaHR0cHM6XC9cL2dva2hhbmdva2JlcmsuY29tXC93cC1jb250ZW50XC91cGxvYWRzXC8yMDIzXC8wM1wvSGVsbGltLUZvdG9ncmFmbGFyaS5qcGciLCJzbGlkZXNob3ciOiJkODM2OTZhIn0%3D\" href='https:\/\/gokhangokberk.com\/wp-content\/uploads\/2023\/03\/Hellim-Fotograflari.jpg'><img loading=\"lazy\" decoding=\"async\" width=\"150\" height=\"150\" src=\"https:\/\/gokhangokberk.com\/wp-content\/uploads\/2023\/03\/Hellim-Fotograflari-150x150.jpg\" class=\"attachment-thumbnail size-thumbnail\" alt=\"\" \/><\/a>\n\t\t\t\t<\/dt><\/dl>\n\t\t\t\t<br style='clear: both' \/>\n\t\t\t<\/div>\n\t\t<\/div>\n\t\t\t\t\t\t<\/div>\n\t\t\t\t<\/div>\n\t\t\t\t\t<\/div>\n\t\t<\/div>\n\t\t\t\t\t<\/div>\n\t\t<\/section>\n\t\t\t\t<\/div>\n\t\t","protected":false},"excerpt":{"rendered":"<p>Yay\u0131mlanan Foto\u011fraflar<\/p>\n","protected":false},"author":1,"featured_media":0,"parent":0,"menu_order":0,"comment_status":"closed","ping_status":"closed","template":"","meta":{"footnotes":""},"class_list":["post-6450","page","type-page","status-publish","hentry"],"_links":{"self":[{"href":"https:\/\/gokhangokberk.com\/index.php?rest_route=\/wp\/v2\/pages\/6450","targetHints":{"allow":["GET"]}}],"collection":[{"href":"https:\/\/gokhangokberk.com\/index.php?rest_route=\/wp\/v2\/pages"}],"about":[{"href":"https:\/\/gokhangokberk.com\/index.php?rest_route=\/wp\/v2\/types\/page"}],"author":[{"embeddable":true,"href":"https:\/\/gokhangokberk.com\/index.php?rest_route=\/wp\/v2\/users\/1"}],"replies":[{"embeddable":true,"href":"https:\/\/gokhangokberk.com\/index.php?rest_route=%2Fwp%2Fv2%2Fcomments&post=6450"}],"version-history":[{"count":16,"href":"https:\/\/gokhangokberk.com\/index.php?rest_route=\/wp\/v2\/pages\/6450\/revisions"}],"predecessor-version":[{"id":6531,"href":"https:\/\/gokhangokberk.com\/index.php?rest_route=\/wp\/v2\/pages\/6450\/revisions\/6531"}],"wp:attachment":[{"href":"https:\/\/gokhangokberk.com\/index.php?rest_route=%2Fwp%2Fv2%2Fmedia&parent=6450"}],"curies":[{"name":"wp","href":"https:\/\/api.w.org\/{rel}","templated":true}]}}